{"id":5080,"date":"2015-07-06T08:26:09","date_gmt":"2015-07-06T07:26:09","guid":{"rendered":"http:\/\/sobe-sirec.com\/ponudba\/"},"modified":"2021-02-04T09:55:52","modified_gmt":"2021-02-04T09:55:52","slug":"ponudba","status":"publish","type":"page","link":"http:\/\/sobe-sirec.com\/de\/ponudba\/","title":{"rendered":"Angebot"},"content":{"rendered":"<div id=\"pl-5080\"  class=\"panel-layout\" ><div id=\"pg-5080-0\"  class=\"panel-grid panel-no-style\" ><div id=\"pgc-5080-0-0\"  class=\"panel-grid-cell\" ><div id=\"panel-5080-0-0-0\" class=\"so-panel widget widget_icon-box panel-first-child panel-last-child\" data-index=\"0\" ><div class=\"panel-widget-style panel-widget-style-for-5080-0-0-0\" ><div class=\"thim-widget-icon-box thim-widget-icon-box-base template-base\"><div class=\"inner-box \"><div  class=\"wrapper-box-icon text-center   wrapper-line-heading\" ><div class=\"smicon-box iconbox-top\"><div class=\"content-inner\" ><div class=\"sc-heading article_heading\"><h3 class = \"heading__primary\" >Das Angebot<\/h3><span class=\"line-heading\"><span><\/span><\/span><\/div><div class=\"desc-icon-box\"><div >In der unversehrten Natur, zwischen wundervollen Weinh\u00fcgeln und nur 7 Kilometer von der Stadt Ptuj entfernt, liegt unser Gasthof \u0160irec. Im Jahre 1995 haben wir den ersten Weinstock gepflanzt. Damit haben wir angefangen die Geschichte \u00fcber die heimatliche slowenische Erde und die Ernte, die uns die Natur gibt, zu schreiben. Heute haben wir 25.500 Weinstocke, die neben unserem Gasthaus die Hauptbesch\u00e4ftigung sind. Weil wir wollen, dass auch unsere G\u00e4ste ein Teil des Geschmackes unserer braven H\u00e4nde probieren und sich in der Natur erholen, bieten wir ihnen gem\u00fctlich ausgestattete Zimmer zur Erholung mit guter Kulinarik. Sie sollen beim Vogelgesang aufwachen und Ihr Auge soll sich beim Blick auf die wundersch\u00f6nen Weinberge erholen. <br>\n<br>\nWenn Sie etwas mehr erleben wollen, dann steht Ihnen die Altstadt Ptuj zur Verf\u00fcgung. So dass Sie zwischen den unentdeckten Stra\u00dfen entlang gehen und den Herzschlag der Stadt f\u00fcllen. Eben so steht in der unmittelbaren N\u00e4he das Schloss Vurberg, so dass Sie die Jahrelange Kultur kennenlernen k\u00f6nnen. Wenn Sie aber Maribor kennenlernen wollen oder auf das steile Pohorje wandern wollen, dann trennen Sie davon nur 18 Kilometer. Die Umgebung vom Drau- und Ptujfeld bietet Ihnen eine Vielfalt und viele historische Entdeckungen. \n<\/td>\n<\/div><\/div><\/div><\/div><!--end smicon-box--><\/div><\/div><style>\n\t.smicon-read:hover{\n\t\tcolor: !important;\n\t\tbackground: !important;\n\t}\n\t.smicon-box .boxes-icon:hover{\n\t\tcolor: !important;\n\t\tborder-color: !important;\n\t\tbackground-color:  !important;\n\t}\n\t.smicon-box .boxes-icon:hover .icon i{\n\t\tcolor: !important;\n\t}\n<\/style><\/div><\/div><\/div><\/div><\/div><div id=\"pg-5080-1\"  class=\"panel-grid panel-no-style\" ><div id=\"pgc-5080-1-0\"  class=\"panel-grid-cell\" ><div id=\"panel-5080-1-0-0\" class=\"so-panel widget widget_sow-editor panel-first-child panel-last-child\" data-index=\"1\" ><div class=\"panel-widget-style panel-widget-style-for-5080-1-0-0\" ><div\n\t\t\t\n\t\t\tclass=\"so-widget-sow-editor so-widget-sow-editor-base\"\n\t\t\t\n\t\t>\n<div class=\"siteorigin-widget-tinymce textwidget\">\n\t<h1 style=\"text-align: center;\">WEINPROBE<\/h1>\n<p style=\"text-align: center;\">Die Geschichte vom Wein k\u00f6nnen Sie im Weinkeller, der die Kapazit\u00e4t von 50.000 Litern hat, h\u00f6ren. Dort ist der Wein noch besser und er zaubert Ihnen eine unglaubliche Geschichte vor.<\/p>\n<p style=\"text-align: center;\">Wir f\u00fchren Sie durch eine Reise von s\u00fc\u00df bis zu trocken Weinen. Ihr Geschmack soll noch vom hausgemachten Sekt verf\u00fchrt werden.<\/p>\n<p style=\"text-align: center;\">Auf dem Weg wir Sie die Weink\u00f6nigen Sloweniens 2008, Svetlana \u0160irec \u017duran begleiten.<\/p>\n<p style=\"text-align: center;\">Das Programm der Weinprobe passen wir Ihnen an.<\/p>\n<\/div>\n<\/div><\/div><\/div><\/div><\/div><div id=\"pg-5080-2\"  class=\"panel-grid panel-no-style\" ><div id=\"pgc-5080-2-0\"  class=\"panel-grid-cell\" ><div id=\"panel-5080-2-0-0\" class=\"so-panel widget widget_sow-editor panel-first-child panel-last-child\" data-index=\"2\" ><div class=\"panel-widget-style panel-widget-style-for-5080-2-0-0\" ><div\n\t\t\t\n\t\t\tclass=\"so-widget-sow-editor so-widget-sow-editor-base\"\n\t\t\t\n\t\t>\n<div class=\"siteorigin-widget-tinymce textwidget\">\n\t<p style=\"text-align: center;\">_______________________________________________________________________________________________<\/p>\n<p style=\"margin: 0cm 0cm 0.0001pt; text-align: center;\"><span style=\"font-size: 11.5pt; font-family: Roboto; color: #5a5a5a; background: white;\">F\u00fcr mehr Informationen sind wir auf den unteren Kontakten zu erreichen.<br \/>\n<\/span><\/p>\n<p style=\"text-align: center;\">Telefon: <strong>070 869 611<\/strong><br \/>\nTelefon: <strong>040 220 464<\/strong><br \/>\nEmail: <strong>vinasirec@gmail.com<\/strong><\/p>\n<p style=\"text-align: center;\">\n<\/div>\n<\/div><\/div><\/div><\/div><\/div><div id=\"pg-5080-3\"  class=\"panel-grid panel-has-style\" ><div class=\"thim-gallery-box siteorigin-panels-stretch panel-row-style panel-row-style-for-5080-3\" data-stretch-type=\"full\" ><div id=\"pgc-5080-3-0\"  class=\"panel-grid-cell\" ><div id=\"panel-5080-3-0-0\" class=\"so-panel widget widget_icon-box panel-first-child\" data-index=\"3\" ><div class=\"panel-widget-style panel-widget-style-for-5080-3-0-0\" ><div class=\"thim-widget-icon-box thim-widget-icon-box-base template-base\"><div class=\"inner-box \"><div  class=\"wrapper-box-icon text-center   wrapper-line-heading\" ><div class=\"smicon-box iconbox-top\"><div class=\"content-inner\" ><div class=\"sc-heading article_heading\"><h3 class = \"heading__primary\" >Die Galerie<\/h3><span class=\"line-heading\"><span><\/span><\/span><\/div><\/div><\/div><!--end smicon-box--><\/div><\/div><style>\n\t.smicon-read:hover{\n\t\tcolor: !important;\n\t\tbackground: !important;\n\t}\n\t.smicon-box .boxes-icon:hover{\n\t\tcolor: !important;\n\t\tborder-color: !important;\n\t\tbackground-color:  !important;\n\t}\n\t.smicon-box .boxes-icon:hover .icon i{\n\t\tcolor: !important;\n\t}\n<\/style><\/div><\/div><\/div><div id=\"panel-5080-3-0-1\" class=\"so-panel widget widget_gallery-images panel-last-child\" data-index=\"4\" ><div class=\"panel-widget-style panel-widget-style-for-5080-3-0-1\" ><div class=\"thim-widget-gallery-images thim-widget-gallery-images-base template-base\"><div class=\"thim-gallery-images owl-carousel gallery-img\"><div class=\"item\"><img src =\"http:\/\/sobe-sirec.com\/wp-content\/uploads\/2018\/08\/Untitled-6.jpg\" width=\"1200\" height=\"816\" alt= \"Angebot\" \/><\/div><div class=\"item\"><img src =\"http:\/\/sobe-sirec.com\/wp-content\/uploads\/2018\/08\/Untitled-2.jpg\" width=\"1200\" height=\"816\" alt= \"Angebot\" \/><\/div><div class=\"item\"><img src =\"http:\/\/sobe-sirec.com\/wp-content\/uploads\/2018\/08\/Untitled-1.jpg\" width=\"1200\" height=\"816\" alt= \"Angebot\" \/><\/div><div class=\"item\"><img src =\"http:\/\/sobe-sirec.com\/wp-content\/uploads\/2018\/08\/Untitled-3.jpg\" width=\"1200\" height=\"816\" alt= \"Angebot\" \/><\/div><div class=\"item\"><img src =\"http:\/\/sobe-sirec.com\/wp-content\/uploads\/2018\/08\/Untitled-5.jpg\" width=\"1200\" height=\"816\" alt= \"Angebot\" \/><\/div><div class=\"item\"><img src =\"http:\/\/sobe-sirec.com\/wp-content\/uploads\/2018\/08\/Untitled-7.jpg\" width=\"1200\" height=\"816\" alt= \"Angebot\" \/><\/div><div class=\"item\"><img src =\"http:\/\/sobe-sirec.com\/wp-content\/uploads\/2018\/08\/Untitled-4.jpg\" width=\"1200\" height=\"816\" alt= \"Angebot\" \/><\/div><\/div><\/div><\/div><\/div><\/div><\/div><\/div><\/div>","protected":false},"excerpt":{"rendered":"<p>WEINPROBE Die Geschichte vom Wein k\u00f6nnen Sie im Weinkeller, der die Kapazit\u00e4t von 50.000 Litern hat, h\u00f6ren. Dort ist der Wein noch besser und er zaubert Ihnen eine unglaubliche Geschichte vor. Wir f\u00fchren Sie durch eine Reise von s\u00fc\u00df bis zu trocken Weinen. Ihr Geschmack soll noch vom hausgemachten Sekt verf\u00fchrt werden. Auf dem Weg [&hellip;]<\/p>\n","protected":false},"author":1,"featured_media":0,"parent":0,"menu_order":0,"comment_status":"closed","ping_status":"closed","template":"","meta":{"footnotes":""},"class_list":["post-5080","page","type-page","status-publish","hentry"],"_links":{"self":[{"href":"http:\/\/sobe-sirec.com\/de\/wp-json\/wp\/v2\/pages\/5080","targetHints":{"allow":["GET"]}}],"collection":[{"href":"http:\/\/sobe-sirec.com\/de\/wp-json\/wp\/v2\/pages"}],"about":[{"href":"http:\/\/sobe-sirec.com\/de\/wp-json\/wp\/v2\/types\/page"}],"author":[{"embeddable":true,"href":"http:\/\/sobe-sirec.com\/de\/wp-json\/wp\/v2\/users\/1"}],"replies":[{"embeddable":true,"href":"http:\/\/sobe-sirec.com\/de\/wp-json\/wp\/v2\/comments?post=5080"}],"version-history":[{"count":14,"href":"http:\/\/sobe-sirec.com\/de\/wp-json\/wp\/v2\/pages\/5080\/revisions"}],"predecessor-version":[{"id":5412,"href":"http:\/\/sobe-sirec.com\/de\/wp-json\/wp\/v2\/pages\/5080\/revisions\/5412"}],"wp:attachment":[{"href":"http:\/\/sobe-sirec.com\/de\/wp-json\/wp\/v2\/media?parent=5080"}],"curies":[{"name":"wp","href":"https:\/\/api.w.org\/{rel}","templated":true}]}}