{"id":5090,"date":"2018-06-26T11:28:25","date_gmt":"2018-06-26T10:28:25","guid":{"rendered":"http:\/\/sobe-sirec.com\/sobe\/"},"modified":"2019-01-14T13:56:15","modified_gmt":"2019-01-14T13:56:15","slug":"sobe","status":"publish","type":"page","link":"https:\/\/sobe-sirec.com\/de\/sobe\/","title":{"rendered":"Die Zimmer"},"content":{"rendered":"<div id=\"pl-5090\"  class=\"panel-layout\" ><div id=\"pg-5090-0\"  class=\"panel-grid panel-no-style\" ><div id=\"pgc-5090-0-0\"  class=\"panel-grid-cell\" ><div id=\"panel-5090-0-0-0\" class=\"so-panel widget widget_sow-editor panel-first-child panel-last-child\" data-index=\"0\" ><div\n\t\t\t\n\t\t\tclass=\"so-widget-sow-editor so-widget-sow-editor-base\"\n\t\t\t\n\t\t>\n<div class=\"siteorigin-widget-tinymce textwidget\">\n\t\t\t<div class=\"container room-container\">\n\t\t\t\t<div class=\"sort-by-wrapper\">\n\t\t\t\t<div class=\"show-number\">\n\t\t\tShowing the last items of 9 results.\t\t<\/div>\n\n\t\t<div class=\"sort-by\">\n\t\t\t<span class=\"sort-by__label\">Sort By :<\/span>\n\t\t\t<div class=\"select\">\n\t\t\t\t<div class=\"toggle\">\n\t\t\t\t\tDefault (Newest)\t\t\t\t<\/div>\n\t\t\t\t<ul class=\"sort-by__list\">\n\t\t\t\t\t\t\t\t\t\t\t<li class=\"sort-by__list-item active\" data-value=\"date-desc\">\n\t\t\t\t\t\t\tDefault (Newest)\t\t\t\t\t\t<\/li>\n\t\t\t\t\t\t\t\t\t\t\t\t<li class=\"sort-by__list-item\" data-value=\"date-asc\">\n\t\t\t\t\t\t\tOldest\t\t\t\t\t\t<\/li>\n\t\t\t\t\t\t\t\t\t\t\t\t<li class=\"sort-by__list-item\" data-value=\"title-asc\">\n\t\t\t\t\t\t\tA to Z\t\t\t\t\t\t<\/li>\n\t\t\t\t\t\t\t\t\t\t\t\t<li class=\"sort-by__list-item\" data-value=\"title-desc\">\n\t\t\t\t\t\t\tZ to A\t\t\t\t\t\t<\/li>\n\t\t\t\t\t\t\t\t\t\t<\/ul>\n\t\t\t<\/div>\n\t\t<\/div>\n\t\t\t<\/div>\n\n<ul class=\"rooms tp-hotel-booking hb-catalog-column-3\">\n\n\n<li id=\"room-5123\" class=\"col-md-4 col-sm-6 col-xs-6 post-5123 hb_room type-hb_room status-publish has-post-thumbnail hentry hb_room_type-enojna-soba\">\n\n\t\n\t<div class=\"summary entry-summary\">\n\n\t\t\n<div class=\"media\">\n\t<img loading=\"lazy\" decoding=\"async\" src=\"https:\/\/sobe-sirec.com\/wp-content\/uploads\/2018\/07\/RLP_7351-270x270.jpg\" width=\"270\" height=\"270\" alt=\"\"\/>\t\t<div class=\"actions\">\n\t\t<div class=\"action-btn\">\n\t\t\t<a href=\"https:\/\/sobe-sirec.com\/de\/rooms\/soba-1\/\" class=\"button readmore\">\n\t\t\t\t<i class=\"las la-external-link-square-alt\"><\/i>\n\t\t\t<\/a>\n\t\t<\/div>\n\t<\/div>\n<\/div>\t\t<div class=\"content-room\">\n\t\t\t<div class=\"title-room\">\n\t\t\t\t\n<div class=\"title\">\n\t<h4>\n\t\t<a href=\"https:\/\/sobe-sirec.com\/de\/rooms\/soba-1\/\">Zimmer 1 \u2013 Sonne<\/a>\n\t<\/h4>\n<\/div>\n<div class=\"room-types\"><a href=\"https:\/\/sobe-sirec.com\/de\/room-type\/enojna-soba\/\" rel=\"tag\">Enojna soba<\/a><\/div>\t\t\t<\/div>\n\t\t\t\n<div class=\"footer-content-room\">\n\t\n\t\t<div class=\"price\">\n\t\t\t<span class=\"title-price\">Price:<\/span>\n\n\t\t\t\t\t\t\t<span class=\"price_value price_min\">\n\t            39.6&euro;<span class=\"unit\">night<\/span>\n            <\/span>\n\t\t\t\n\t\t<\/div>\n\t\n\t<div class=\"actions\">\n\t\t<div class=\"action-btn\">\n\t\t\t<a href=\"https:\/\/sobe-sirec.com\/de\/rooms\/soba-1\/\" class=\"button readmore\">\n\t\t\t\tMore Info\t\t\t<\/a>\n\t\t<\/div>\n\t<\/div>\n<\/div>\t\t<\/div>\n\n\t\t\n\t<\/div><!-- .summary -->\n\n\t\n<\/li>\n\n\n\n<li id=\"room-5132\" class=\"col-md-4 col-sm-6 col-xs-6 post-5132 hb_room type-hb_room status-publish has-post-thumbnail hentry hb_room_type-enojna-soba\">\n\n\t\n\t<div class=\"summary entry-summary\">\n\n\t\t\n<div class=\"media\">\n\t<img loading=\"lazy\" decoding=\"async\" src=\"https:\/\/sobe-sirec.com\/wp-content\/uploads\/2018\/07\/RLP_7337-270x270.jpg\" width=\"270\" height=\"270\" alt=\"\"\/>\t\t<div class=\"actions\">\n\t\t<div class=\"action-btn\">\n\t\t\t<a href=\"https:\/\/sobe-sirec.com\/de\/rooms\/soba-2\/\" class=\"button readmore\">\n\t\t\t\t<i class=\"las la-external-link-square-alt\"><\/i>\n\t\t\t<\/a>\n\t\t<\/div>\n\t<\/div>\n<\/div>\t\t<div class=\"content-room\">\n\t\t\t<div class=\"title-room\">\n\t\t\t\t\n<div class=\"title\">\n\t<h4>\n\t\t<a href=\"https:\/\/sobe-sirec.com\/de\/rooms\/soba-2\/\">Zimmer 2 \u2013 Weinstock<\/a>\n\t<\/h4>\n<\/div>\n<div class=\"room-types\"><a href=\"https:\/\/sobe-sirec.com\/de\/room-type\/enojna-soba\/\" rel=\"tag\">Enojna soba<\/a><\/div>\t\t\t<\/div>\n\t\t\t\n<div class=\"footer-content-room\">\n\t\n\t\t<div class=\"price\">\n\t\t\t<span class=\"title-price\">Price:<\/span>\n\n\t\t\t\t\t\t\t<span class=\"price_value price_min\">\n\t            39.6&euro;<span class=\"unit\">night<\/span>\n            <\/span>\n\t\t\t\n\t\t<\/div>\n\t\n\t<div class=\"actions\">\n\t\t<div class=\"action-btn\">\n\t\t\t<a href=\"https:\/\/sobe-sirec.com\/de\/rooms\/soba-2\/\" class=\"button readmore\">\n\t\t\t\tMore Info\t\t\t<\/a>\n\t\t<\/div>\n\t<\/div>\n<\/div>\t\t<\/div>\n\n\t\t\n\t<\/div><!-- .summary -->\n\n\t\n<\/li>\n\n\n\n<li id=\"room-5134\" class=\"col-md-4 col-sm-6 col-xs-6 post-5134 hb_room type-hb_room status-publish has-post-thumbnail hentry hb_room_type-enojna-soba\">\n\n\t\n\t<div class=\"summary entry-summary\">\n\n\t\t\n<div class=\"media\">\n\t<img loading=\"lazy\" decoding=\"async\" src=\"https:\/\/sobe-sirec.com\/wp-content\/uploads\/2018\/07\/RLP_7315-270x270.jpg\" width=\"270\" height=\"270\" alt=\"\"\/>\t\t<div class=\"actions\">\n\t\t<div class=\"action-btn\">\n\t\t\t<a href=\"https:\/\/sobe-sirec.com\/de\/rooms\/soba-3\/\" class=\"button readmore\">\n\t\t\t\t<i class=\"las la-external-link-square-alt\"><\/i>\n\t\t\t<\/a>\n\t\t<\/div>\n\t<\/div>\n<\/div>\t\t<div class=\"content-room\">\n\t\t\t<div class=\"title-room\">\n\t\t\t\t\n<div class=\"title\">\n\t<h4>\n\t\t<a href=\"https:\/\/sobe-sirec.com\/de\/rooms\/soba-3\/\">Zimmer 3 \u2013 Erde<\/a>\n\t<\/h4>\n<\/div>\n<div class=\"room-types\"><a href=\"https:\/\/sobe-sirec.com\/de\/room-type\/enojna-soba\/\" rel=\"tag\">Enojna soba<\/a><\/div>\t\t\t<\/div>\n\t\t\t\n<div class=\"footer-content-room\">\n\t\n\t\t<div class=\"price\">\n\t\t\t<span class=\"title-price\">Price:<\/span>\n\n\t\t\t\t\t\t\t<span class=\"price_value price_min\">\n\t            39.6&euro;<span class=\"unit\">night<\/span>\n            <\/span>\n\t\t\t\n\t\t<\/div>\n\t\n\t<div class=\"actions\">\n\t\t<div class=\"action-btn\">\n\t\t\t<a href=\"https:\/\/sobe-sirec.com\/de\/rooms\/soba-3\/\" class=\"button readmore\">\n\t\t\t\tMore Info\t\t\t<\/a>\n\t\t<\/div>\n\t<\/div>\n<\/div>\t\t<\/div>\n\n\t\t\n\t<\/div><!-- .summary -->\n\n\t\n<\/li>\n\n\n\n<li id=\"room-5149\" class=\"col-md-4 col-sm-6 col-xs-6 post-5149 hb_room type-hb_room status-publish has-post-thumbnail hentry hb_room_type-druzinska-soba\">\n\n\t\n\t<div class=\"summary entry-summary\">\n\n\t\t\n<div class=\"media\">\n\t<img loading=\"lazy\" decoding=\"async\" src=\"https:\/\/sobe-sirec.com\/wp-content\/uploads\/2018\/07\/RLP_7296-270x270.jpg\" width=\"270\" height=\"270\" alt=\"\"\/>\t\t<div class=\"actions\">\n\t\t<div class=\"action-btn\">\n\t\t\t<a href=\"https:\/\/sobe-sirec.com\/de\/rooms\/soba-4\/\" class=\"button readmore\">\n\t\t\t\t<i class=\"las la-external-link-square-alt\"><\/i>\n\t\t\t<\/a>\n\t\t<\/div>\n\t<\/div>\n<\/div>\t\t<div class=\"content-room\">\n\t\t\t<div class=\"title-room\">\n\t\t\t\t\n<div class=\"title\">\n\t<h4>\n\t\t<a href=\"https:\/\/sobe-sirec.com\/de\/rooms\/soba-4\/\">Zimmer 4 \u2013 Himmel<\/a>\n\t<\/h4>\n<\/div>\n<div class=\"room-types\"><a href=\"https:\/\/sobe-sirec.com\/de\/room-type\/druzinska-soba\/\" rel=\"tag\">Dru\u017einska soba<\/a><\/div>\t\t\t<\/div>\n\t\t\t\n<div class=\"footer-content-room\">\n\t\n\t\t<div class=\"price\">\n\t\t\t<span class=\"title-price\">Price:<\/span>\n\n\t\t\t\t\t\t\t<span class=\"price_value price_min\">\n\t            60.5&euro;<span class=\"unit\">night<\/span>\n            <\/span>\n\t\t\t\n\t\t<\/div>\n\t\n\t<div class=\"actions\">\n\t\t<div class=\"action-btn\">\n\t\t\t<a href=\"https:\/\/sobe-sirec.com\/de\/rooms\/soba-4\/\" class=\"button readmore\">\n\t\t\t\tMore Info\t\t\t<\/a>\n\t\t<\/div>\n\t<\/div>\n<\/div>\t\t<\/div>\n\n\t\t\n\t<\/div><!-- .summary -->\n\n\t\n<\/li>\n\n\n\n<li id=\"room-5152\" class=\"col-md-4 col-sm-6 col-xs-6 post-5152 hb_room type-hb_room status-publish has-post-thumbnail hentry hb_room_type-enojna-soba\">\n\n\t\n\t<div class=\"summary entry-summary\">\n\n\t\t\n<div class=\"media\">\n\t<img loading=\"lazy\" decoding=\"async\" src=\"https:\/\/sobe-sirec.com\/wp-content\/uploads\/2018\/07\/RLP_7223-270x270.jpg\" width=\"270\" height=\"270\" alt=\"\"\/>\t\t<div class=\"actions\">\n\t\t<div class=\"action-btn\">\n\t\t\t<a href=\"https:\/\/sobe-sirec.com\/de\/rooms\/soba-5\/\" class=\"button readmore\">\n\t\t\t\t<i class=\"las la-external-link-square-alt\"><\/i>\n\t\t\t<\/a>\n\t\t<\/div>\n\t<\/div>\n<\/div>\t\t<div class=\"content-room\">\n\t\t\t<div class=\"title-room\">\n\t\t\t\t\n<div class=\"title\">\n\t<h4>\n\t\t<a href=\"https:\/\/sobe-sirec.com\/de\/rooms\/soba-5\/\">Zimmer 5 \u2013 Birke<\/a>\n\t<\/h4>\n<\/div>\n<div class=\"room-types\"><a href=\"https:\/\/sobe-sirec.com\/de\/room-type\/enojna-soba\/\" rel=\"tag\">Enojna soba<\/a><\/div>\t\t\t<\/div>\n\t\t\t\n<div class=\"footer-content-room\">\n\t\n\t\t<div class=\"price\">\n\t\t\t<span class=\"title-price\">Price:<\/span>\n\n\t\t\t\t\t\t\t<span class=\"price_value price_min\">\n\t            44.0&euro;<span class=\"unit\">night<\/span>\n            <\/span>\n\t\t\t\n\t\t<\/div>\n\t\n\t<div class=\"actions\">\n\t\t<div class=\"action-btn\">\n\t\t\t<a href=\"https:\/\/sobe-sirec.com\/de\/rooms\/soba-5\/\" class=\"button readmore\">\n\t\t\t\tMore Info\t\t\t<\/a>\n\t\t<\/div>\n\t<\/div>\n<\/div>\t\t<\/div>\n\n\t\t\n\t<\/div><!-- .summary -->\n\n\t\n<\/li>\n\n\n\n<li id=\"room-5171\" class=\"col-md-4 col-sm-6 col-xs-6 post-5171 hb_room type-hb_room status-publish has-post-thumbnail hentry hb_room_type-druzinska-soba\">\n\n\t\n\t<div class=\"summary entry-summary\">\n\n\t\t\n<div class=\"media\">\n\t<img loading=\"lazy\" decoding=\"async\" src=\"https:\/\/sobe-sirec.com\/wp-content\/uploads\/2018\/07\/RLP_7195-270x270.jpg\" width=\"270\" height=\"270\" alt=\"\"\/>\t\t<div class=\"actions\">\n\t\t<div class=\"action-btn\">\n\t\t\t<a href=\"https:\/\/sobe-sirec.com\/de\/rooms\/soba-6\/\" class=\"button readmore\">\n\t\t\t\t<i class=\"las la-external-link-square-alt\"><\/i>\n\t\t\t<\/a>\n\t\t<\/div>\n\t<\/div>\n<\/div>\t\t<div class=\"content-room\">\n\t\t\t<div class=\"title-room\">\n\t\t\t\t\n<div class=\"title\">\n\t<h4>\n\t\t<a href=\"https:\/\/sobe-sirec.com\/de\/rooms\/soba-6\/\">Zimmer 6 \u2013 Ranke<\/a>\n\t<\/h4>\n<\/div>\n<div class=\"room-types\"><a href=\"https:\/\/sobe-sirec.com\/de\/room-type\/druzinska-soba\/\" rel=\"tag\">Dru\u017einska soba<\/a><\/div>\t\t\t<\/div>\n\t\t\t\n<div class=\"footer-content-room\">\n\t\n\t\t<div class=\"price\">\n\t\t\t<span class=\"title-price\">Price:<\/span>\n\n\t\t\t\t\t\t\t<span class=\"price_value price_min\">\n\t            50.6&euro;<span class=\"unit\">night<\/span>\n            <\/span>\n\t\t\t\n\t\t<\/div>\n\t\n\t<div class=\"actions\">\n\t\t<div class=\"action-btn\">\n\t\t\t<a href=\"https:\/\/sobe-sirec.com\/de\/rooms\/soba-6\/\" class=\"button readmore\">\n\t\t\t\tMore Info\t\t\t<\/a>\n\t\t<\/div>\n\t<\/div>\n<\/div>\t\t<\/div>\n\n\t\t\n\t<\/div><!-- .summary -->\n\n\t\n<\/li>\n\n\n\n<li id=\"room-5174\" class=\"col-md-4 col-sm-6 col-xs-6 post-5174 hb_room type-hb_room status-publish has-post-thumbnail hentry hb_room_type-druzinska-soba\">\n\n\t\n\t<div class=\"summary entry-summary\">\n\n\t\t\n<div class=\"media\">\n\t<img loading=\"lazy\" decoding=\"async\" src=\"https:\/\/sobe-sirec.com\/wp-content\/uploads\/2015\/10\/RLP_7234-270x270.jpg\" width=\"270\" height=\"270\" alt=\"\"\/>\t\t<div class=\"actions\">\n\t\t<div class=\"action-btn\">\n\t\t\t<a href=\"https:\/\/sobe-sirec.com\/de\/rooms\/soba-7\/\" class=\"button readmore\">\n\t\t\t\t<i class=\"las la-external-link-square-alt\"><\/i>\n\t\t\t<\/a>\n\t\t<\/div>\n\t<\/div>\n<\/div>\t\t<div class=\"content-room\">\n\t\t\t<div class=\"title-room\">\n\t\t\t\t\n<div class=\"title\">\n\t<h4>\n\t\t<a href=\"https:\/\/sobe-sirec.com\/de\/rooms\/soba-7\/\">Zimmer 7 \u2013 Weinberg<\/a>\n\t<\/h4>\n<\/div>\n<div class=\"room-types\"><a href=\"https:\/\/sobe-sirec.com\/de\/room-type\/druzinska-soba\/\" rel=\"tag\">Dru\u017einska soba<\/a><\/div>\t\t\t<\/div>\n\t\t\t\n<div class=\"footer-content-room\">\n\t\n\t\t<div class=\"price\">\n\t\t\t<span class=\"title-price\">Price:<\/span>\n\n\t\t\t\t\t\t\t<span class=\"price_value price_min\">\n\t            50.6&euro;<span class=\"unit\">night<\/span>\n            <\/span>\n\t\t\t\n\t\t<\/div>\n\t\n\t<div class=\"actions\">\n\t\t<div class=\"action-btn\">\n\t\t\t<a href=\"https:\/\/sobe-sirec.com\/de\/rooms\/soba-7\/\" class=\"button readmore\">\n\t\t\t\tMore Info\t\t\t<\/a>\n\t\t<\/div>\n\t<\/div>\n<\/div>\t\t<\/div>\n\n\t\t\n\t<\/div><!-- .summary -->\n\n\t\n<\/li>\n\n\n\n<li id=\"room-5177\" class=\"col-md-4 col-sm-6 col-xs-6 post-5177 hb_room type-hb_room status-publish has-post-thumbnail hentry hb_room_type-druzinska-soba hb_room_type-enojna-soba\">\n\n\t\n\t<div class=\"summary entry-summary\">\n\n\t\t\n<div class=\"media\">\n\t<img loading=\"lazy\" decoding=\"async\" src=\"https:\/\/sobe-sirec.com\/wp-content\/uploads\/2018\/07\/RLP_7281-270x270.jpg\" width=\"270\" height=\"270\" alt=\"\"\/>\t\t<div class=\"actions\">\n\t\t<div class=\"action-btn\">\n\t\t\t<a href=\"https:\/\/sobe-sirec.com\/de\/rooms\/soba-8\/\" class=\"button readmore\">\n\t\t\t\t<i class=\"las la-external-link-square-alt\"><\/i>\n\t\t\t<\/a>\n\t\t<\/div>\n\t<\/div>\n<\/div>\t\t<div class=\"content-room\">\n\t\t\t<div class=\"title-room\">\n\t\t\t\t\n<div class=\"title\">\n\t<h4>\n\t\t<a href=\"https:\/\/sobe-sirec.com\/de\/rooms\/soba-8\/\">Zimmer 8 \u2013 k\u00f6nigliche<\/a>\n\t<\/h4>\n<\/div>\n<div class=\"room-types\"><a href=\"https:\/\/sobe-sirec.com\/de\/room-type\/druzinska-soba\/\" rel=\"tag\">Dru\u017einska soba<\/a><span class=\"sep\"><\/span><a href=\"https:\/\/sobe-sirec.com\/de\/room-type\/enojna-soba\/\" rel=\"tag\">Enojna soba<\/a><\/div>\t\t\t<\/div>\n\t\t\t\n<div class=\"footer-content-room\">\n\t\n\t\t<div class=\"price\">\n\t\t\t<span class=\"title-price\">Price:<\/span>\n\n\t\t\t\t\t\t\t<span class=\"price_value price_min\">\n\t            55.0&euro;<span class=\"unit\">night<\/span>\n            <\/span>\n\t\t\t\n\t\t<\/div>\n\t\n\t<div class=\"actions\">\n\t\t<div class=\"action-btn\">\n\t\t\t<a href=\"https:\/\/sobe-sirec.com\/de\/rooms\/soba-8\/\" class=\"button readmore\">\n\t\t\t\tMore Info\t\t\t<\/a>\n\t\t<\/div>\n\t<\/div>\n<\/div>\t\t<\/div>\n\n\t\t\n\t<\/div><!-- .summary -->\n\n\t\n<\/li>\n\n\n\n<li id=\"room-5197\" class=\"col-md-4 col-sm-6 col-xs-6 post-5197 hb_room type-hb_room status-publish has-post-thumbnail hentry hb_room_type-druzinska-soba hb_room_type-hostel\">\n\n\t\n\t<div class=\"summary entry-summary\">\n\n\t\t\n<div class=\"media\">\n\t<img loading=\"lazy\" decoding=\"async\" src=\"https:\/\/sobe-sirec.com\/wp-content\/uploads\/2018\/07\/RLP_7436-270x270.jpg\" width=\"270\" height=\"270\" alt=\"\"\/>\t\t<div class=\"actions\">\n\t\t<div class=\"action-btn\">\n\t\t\t<a href=\"https:\/\/sobe-sirec.com\/de\/rooms\/hostel\/\" class=\"button readmore\">\n\t\t\t\t<i class=\"las la-external-link-square-alt\"><\/i>\n\t\t\t<\/a>\n\t\t<\/div>\n\t<\/div>\n<\/div>\t\t<div class=\"content-room\">\n\t\t\t<div class=\"title-room\">\n\t\t\t\t\n<div class=\"title\">\n\t<h4>\n\t\t<a href=\"https:\/\/sobe-sirec.com\/de\/rooms\/hostel\/\">Zimmer 9 \u2013Mehrbettenzimmer<\/a>\n\t<\/h4>\n<\/div>\n<div class=\"room-types\"><a href=\"https:\/\/sobe-sirec.com\/de\/room-type\/druzinska-soba\/\" rel=\"tag\">Dru\u017einska soba<\/a><span class=\"sep\"><\/span><a href=\"https:\/\/sobe-sirec.com\/de\/room-type\/hostel\/\" rel=\"tag\">Hostel<\/a><\/div>\t\t\t<\/div>\n\t\t\t\n<div class=\"footer-content-room\">\n\t\n\t\t<div class=\"price\">\n\t\t\t<span class=\"title-price\">Price:<\/span>\n\n\t\t\t\t\t\t\t<span class=\"price_value price_min\">\n\t            143.0&euro;<span class=\"unit\">night<\/span>\n            <\/span>\n\t\t\t\n\t\t<\/div>\n\t\n\t<div class=\"actions\">\n\t\t<div class=\"action-btn\">\n\t\t\t<a href=\"https:\/\/sobe-sirec.com\/de\/rooms\/hostel\/\" class=\"button readmore\">\n\t\t\t\tMore Info\t\t\t<\/a>\n\t\t<\/div>\n\t<\/div>\n<\/div>\t\t<\/div>\n\n\t\t\n\t<\/div><!-- .summary -->\n\n\t\n<\/li>\n\n\n<\/ul>\n\n\t\t<\/div>\n\t\t\n<\/div>\n<\/div><\/div><\/div><\/div><\/div>","protected":false},"excerpt":{"rendered":"<p>Bett: 10 Betten 90&#215;200 cm<br \/>\nStandort: Erdgeschoss<br \/>\nGr\u00f6\u00dfe: ungef\u00e4hr 60 m\u00b2<br \/>\nBadezimmer: Dusche und Toilette<br \/>\nDas Zimmer enth\u00e4lt ein eigenes Badezimmer, das mit Handt\u00fcchern und Bettw\u00e4sche ausgestattet ist. Das Zimmer ist mit Hochbetten, die f\u00fcr 10 Personen geeignet sind, ausgestattet. Die M\u00f6glichkeit das WLAN zu benutzen.<br \/>\nDen G\u00e4sten stehen zwei gr\u00f6\u00dfere Dachterrassen zur <\/p>\n","protected":false},"author":1,"featured_media":0,"parent":0,"menu_order":0,"comment_status":"closed","ping_status":"closed","template":"","meta":{"footnotes":""},"class_list":["post-5090","page","type-page","status-publish","hentry"],"_links":{"self":[{"href":"https:\/\/sobe-sirec.com\/de\/wp-json\/wp\/v2\/pages\/5090","targetHints":{"allow":["GET"]}}],"collection":[{"href":"https:\/\/sobe-sirec.com\/de\/wp-json\/wp\/v2\/pages"}],"about":[{"href":"https:\/\/sobe-sirec.com\/de\/wp-json\/wp\/v2\/types\/page"}],"author":[{"embeddable":true,"href":"https:\/\/sobe-sirec.com\/de\/wp-json\/wp\/v2\/users\/1"}],"replies":[{"embeddable":true,"href":"https:\/\/sobe-sirec.com\/de\/wp-json\/wp\/v2\/comments?post=5090"}],"version-history":[{"count":5,"href":"https:\/\/sobe-sirec.com\/de\/wp-json\/wp\/v2\/pages\/5090\/revisions"}],"predecessor-version":[{"id":5219,"href":"https:\/\/sobe-sirec.com\/de\/wp-json\/wp\/v2\/pages\/5090\/revisions\/5219"}],"wp:attachment":[{"href":"https:\/\/sobe-sirec.com\/de\/wp-json\/wp\/v2\/media?parent=5090"}],"curies":[{"name":"wp","href":"https:\/\/api.w.org\/{rel}","templated":true}]}}